{"id":275,"date":"2023-04-19T05:12:00","date_gmt":"2023-04-19T05:12:00","guid":{"rendered":"https:\/\/pratiquement.com\/?page_id=275"},"modified":"2024-08-06T14:49:07","modified_gmt":"2024-08-06T14:49:07","slug":"accueil","status":"publish","type":"page","link":"https:\/\/pratiquement.com\/","title":{"rendered":"Accueil"},"content":{"rendered":"\t\t<div data-elementor-type=\"wp-page\" data-elementor-id=\"275\" class=\"elementor elementor-275\">\n\t\t\t\t\t\t<section class=\"elementor-section elementor-top-section elementor-element elementor-element-28f28709 elementor-section-boxed elementor-section-height-default elementor-section-height-default\" data-id=\"28f28709\" data-element_type=\"section\" data-e-type=\"section\">\n\t\t\t\t\t\t<div class=\"elementor-container elementor-column-gap-default\">\n\t\t\t\t\t<div class=\"elementor-column elementor-col-100 elementor-top-column elementor-element elementor-element-2fc1c3f4\" data-id=\"2fc1c3f4\" data-element_type=\"column\" data-e-type=\"column\">\n\t\t\t<div class=\"elementor-widget-wrap elementor-element-populated\">\n\t\t\t\t\t\t<div class=\"elementor-element elementor-element-262915c3 elementor-widget elementor-widget-text-editor\" data-id=\"262915c3\" data-element_type=\"widget\" data-e-type=\"widget\" data-widget_type=\"text-editor.default\">\n\t\t\t\t<div class=\"elementor-widget-container\">\n\t\t\t\t\t\t\t\t\t\n<p>Ce site un recueil de tout ce qui peut \u00eatre utile \u00e0 conna\u00eetre !<\/p>\n\n\n\n<p><\/p>\n\t\t\t\t\t\t\t\t<\/div>\n\t\t\t\t<\/div>\n\t\t\t\t\t<\/div>\n\t\t<\/div>\n\t\t\t\t\t<\/div>\n\t\t<\/section>\n\t\t\t\t<section class=\"elementor-section elementor-top-section elementor-element elementor-element-9fec1b5 elementor-section-boxed elementor-section-height-default elementor-section-height-default\" data-id=\"9fec1b5\" data-element_type=\"section\" data-e-type=\"section\">\n\t\t\t\t\t\t<div class=\"elementor-container elementor-column-gap-default\">\n\t\t\t\t\t<div class=\"elementor-column elementor-col-100 elementor-top-column elementor-element elementor-element-7f01d00\" data-id=\"7f01d00\" data-element_type=\"column\" data-e-type=\"column\">\n\t\t\t<div class=\"elementor-widget-wrap elementor-element-populated\">\n\t\t\t\t\t\t<div class=\"elementor-element elementor-element-8677f91 elementor-widget elementor-widget-text-editor\" data-id=\"8677f91\" data-element_type=\"widget\" data-e-type=\"widget\" data-widget_type=\"text-editor.default\">\n\t\t\t\t<div class=\"elementor-widget-container\">\n\t\t\t\t\t\t\t\t\t<p>Nous avons commenc\u00e9 par une page qui comporte les (familles de) <a href=\"https:\/\/pratiquement.com\/?page_id=177\">logiciels<\/a> les plus fr\u00e9quemment utilis\u00e9s car c&rsquo;est une nouvelle forme d&rsquo;analphab\u00e9tisme ou d&rsquo;exclusion sociale que de ne pas savoir utiliser certains outils informatiques.<\/p>\n<p>De nos jours de plus en plus de choses sont d\u00e9mat\u00e9rialis\u00e9es (plus de support papier) et tout se fait gr\u00e2ce \u00e0 l&rsquo;informatique.<\/p>\t\t\t\t\t\t\t\t<\/div>\n\t\t\t\t<\/div>\n\t\t\t\t\t<\/div>\n\t\t<\/div>\n\t\t\t\t\t<\/div>\n\t\t<\/section>\n\t\t\t\t<section class=\"elementor-section elementor-top-section elementor-element elementor-element-1898da6 elementor-section-boxed elementor-section-height-default elementor-section-height-default\" data-id=\"1898da6\" data-element_type=\"section\" data-e-type=\"section\">\n\t\t\t\t\t\t<div class=\"elementor-container elementor-column-gap-default\">\n\t\t\t\t\t<div class=\"elementor-column elementor-col-100 elementor-top-column elementor-element elementor-element-88db0b5\" data-id=\"88db0b5\" data-element_type=\"column\" data-e-type=\"column\">\n\t\t\t<div class=\"elementor-widget-wrap elementor-element-populated\">\n\t\t\t\t\t\t<div class=\"elementor-element elementor-element-035958d elementor-widget elementor-widget-text-editor\" data-id=\"035958d\" data-element_type=\"widget\" data-e-type=\"widget\" data-widget_type=\"text-editor.default\">\n\t\t\t\t<div class=\"elementor-widget-container\">\n\t\t\t\t\t\t\t\t\t<p>Nous avons comme autre projet de mettre en ligne des cours (ou des liens vers des ressources utiles) dans diff\u00e9rents domaines, de la maternel jusqu&rsquo;aux \u00e9tudes universitaires. <br \/>C&rsquo;est un projet, ambitieux et tout n&rsquo;est pas encore disponible mais c&rsquo;est en cours &#8230;<\/p>\t\t\t\t\t\t\t\t<\/div>\n\t\t\t\t<\/div>\n\t\t\t\t\t<\/div>\n\t\t<\/div>\n\t\t\t\t\t<\/div>\n\t\t<\/section>\n\t\t\t\t<section class=\"elementor-section elementor-top-section elementor-element elementor-element-37616bc elementor-section-boxed elementor-section-height-default elementor-section-height-default\" data-id=\"37616bc\" data-element_type=\"section\" data-e-type=\"section\">\n\t\t\t\t\t\t<div class=\"elementor-container elementor-column-gap-default\">\n\t\t\t\t\t<div class=\"elementor-column elementor-col-100 elementor-top-column elementor-element elementor-element-75b4295\" data-id=\"75b4295\" data-element_type=\"column\" data-e-type=\"column\">\n\t\t\t<div class=\"elementor-widget-wrap elementor-element-populated\">\n\t\t\t\t\t\t<div class=\"elementor-element elementor-element-c1db13c elementor-widget elementor-widget-button\" data-id=\"c1db13c\" data-element_type=\"widget\" data-e-type=\"widget\" data-widget_type=\"button.default\">\n\t\t\t\t<div class=\"elementor-widget-container\">\n\t\t\t\t\t\t\t\t\t<div class=\"elementor-button-wrapper\">\n\t\t\t\t\t<a class=\"elementor-button elementor-button-link elementor-size-sm\" href=\"https:\/\/pratiquement.com\/?page_id=177\">\n\t\t\t\t\t\t<span class=\"elementor-button-content-wrapper\">\n\t\t\t\t\t\t\t\t\t<span class=\"elementor-button-text\">Suivant &gt;<\/span>\n\t\t\t\t\t<\/span>\n\t\t\t\t\t<\/a>\n\t\t\t\t<\/div>\n\t\t\t\t\t\t\t\t<\/div>\n\t\t\t\t<\/div>\n\t\t\t\t\t<\/div>\n\t\t<\/div>\n\t\t\t\t\t<\/div>\n\t\t<\/section>\n\t\t\t\t<section class=\"elementor-section elementor-top-section elementor-element elementor-element-acea2a2 elementor-section-boxed elementor-section-height-default elementor-section-height-default\" data-id=\"acea2a2\" data-element_type=\"section\" data-e-type=\"section\">\n\t\t\t\t\t\t<div class=\"elementor-container elementor-column-gap-default\">\n\t\t\t\t\t<div class=\"elementor-column elementor-col-100 elementor-top-column elementor-element elementor-element-101f32d\" data-id=\"101f32d\" data-element_type=\"column\" data-e-type=\"column\">\n\t\t\t<div class=\"elementor-widget-wrap elementor-element-populated\">\n\t\t\t\t\t\t<div class=\"elementor-element elementor-element-f8f25af elementor-widget elementor-widget-shortcode\" data-id=\"f8f25af\" data-element_type=\"widget\" data-e-type=\"widget\" data-widget_type=\"shortcode.default\">\n\t\t\t\t<div class=\"elementor-widget-container\">\n\t\t\t\t\t\t\t<div class=\"elementor-shortcode\"><div style=\"text-align:center;\"><div style=\"margin:8px 0px 4px;\"><a href=\"https:\/\/www.calameo.com\/books\/007655437425cf251c03f\" target=\"_blank\">L&#039;ESSENTIEL  EN STAGE HOSPITALIER<\/a><\/div><iframe src=\"\/\/v.calameo.com\/?bkcode=007655437425cf251c03f\" width=\"300\" height=\"194\" frameborder=\"0\" scrolling=\"no\" allowtransparency allowfullscreen style=\"margin:0 auto;\"><\/iframe><div style=\"margin:4px 0px 8px;\"><\/div>\n\t\t\t\t\t\t<\/div>\n\t\t\t\t<\/div>\n\t\t\t\t\t<\/div>\n\t\t<\/div>\n\t\t\t\t\t<\/div>\n\t\t<\/section>\n\t\t\t\t<\/div>\n\t\t","protected":false},"excerpt":{"rendered":"<p>Ce site un recueil de tout ce qui peut \u00eatre utile \u00e0 conna\u00eetre ! Nous avons commenc\u00e9 par une page qui comporte les (familles de) logiciels les plus fr\u00e9quemment utilis\u00e9s car c&rsquo;est une nouvelle forme d&rsquo;analphab\u00e9tisme ou d&rsquo;exclusion sociale que de ne pas savoir utiliser certains outils informatiques. De nos jours de plus en plus &#8230; <a title=\"Accueil\" class=\"read-more\" href=\"https:\/\/pratiquement.com\/\" aria-label=\"En savoir plus sur Accueil\">Lire la suite<\/a><\/p>\n","protected":false},"author":2,"featured_media":0,"parent":0,"menu_order":0,"comment_status":"closed","ping_status":"closed","template":"","meta":{"footnotes":""},"class_list":["post-275","page","type-page","status-publish"],"_links":{"self":[{"href":"https:\/\/pratiquement.com\/index.php?rest_route=\/wp\/v2\/pages\/275","targetHints":{"allow":["GET"]}}],"collection":[{"href":"https:\/\/pratiquement.com\/index.php?rest_route=\/wp\/v2\/pages"}],"about":[{"href":"https:\/\/pratiquement.com\/index.php?rest_route=\/wp\/v2\/types\/page"}],"author":[{"embeddable":true,"href":"https:\/\/pratiquement.com\/index.php?rest_route=\/wp\/v2\/users\/2"}],"replies":[{"embeddable":true,"href":"https:\/\/pratiquement.com\/index.php?rest_route=%2Fwp%2Fv2%2Fcomments&post=275"}],"version-history":[{"count":13,"href":"https:\/\/pratiquement.com\/index.php?rest_route=\/wp\/v2\/pages\/275\/revisions"}],"predecessor-version":[{"id":335,"href":"https:\/\/pratiquement.com\/index.php?rest_route=\/wp\/v2\/pages\/275\/revisions\/335"}],"wp:attachment":[{"href":"https:\/\/pratiquement.com\/index.php?rest_route=%2Fwp%2Fv2%2Fmedia&parent=275"}],"curies":[{"name":"wp","href":"https:\/\/api.w.org\/{rel}","templated":true}]}}